{"id":4,"date":"2015-05-08T13:22:48","date_gmt":"2015-05-08T13:22:48","guid":{"rendered":"http:\/\/localhost\/wordpress\/renovate\/?page_id=4"},"modified":"2024-09-30T18:30:34","modified_gmt":"2024-09-30T18:30:34","slug":"home","status":"publish","type":"page","link":"https:\/\/vitserv.com.br\/site\/","title":{"rendered":"HOME"},"content":{"rendered":"<p>[vc_row type=&#8221;full-width&#8221;][vc_column][rev_slider_vc alias=&#8221;main&#8221;][\/vc_column][\/vc_row][vc_row top_margin=&#8221;page-margin-top-section&#8221;][vc_column]<h2 class=\"box-header\">A VITSERV<\/h2>[vc_column_text el_class=&#8221;description align-center&#8221;]A VITSERV conta com profissionais qualificados e permanentemente treinados para desempenhar suas fun\u00e7\u00f5es com compet\u00eancia e seguran\u00e7a. Al\u00e9m disso, a empresa disp\u00f5e do que h\u00e1 de mais atual e seguro em termos de equipamentos de uso pessoal ou coletivo.[\/vc_column_text][\/vc_column][\/vc_row][vc_row top_margin=&#8221;page-margin-top&#8221;][vc_column width=&#8221;1\/3&#8243;][vc_column_text]<\/p>\n<p style=\"text-align: center;\"><strong>EXPERI\u00caNCIA<\/strong><\/p>\n<p>[\/vc_column_text][\/vc_column][vc_column width=&#8221;1\/3&#8243;][vc_column_text]<\/p>\n<p style=\"text-align: center;\"><strong>SEGURAN\u00c7A<\/strong><\/p>\n<p>[\/vc_column_text][\/vc_column][vc_column width=&#8221;1\/3&#8243;][vc_column_text]<\/p>\n<p style=\"text-align: center;\"><strong>TECNOLOGIA<\/strong><\/p>\n<p>[\/vc_column_text][\/vc_column][\/vc_row][vc_row type=&#8221;full-width&#8221; top_margin=&#8221;page-margin-top&#8221; css=&#8221;.vc_custom_1473382326543{background-color: #f5f5f5 !important;}&#8221; el_class=&#8221; page-padding-top-section padding-bottom-66&#8243;][vc_column][vc_tabs][vc_tab icon=&#8221;sl-small-building&#8221; title=&#8221;Reconhecimento&#8221; tab_id=&#8221;servicos&#8221;][vc_row_inner][vc_column_inner][vc_column_text]<\/p>\n<h4 style=\"text-align: left;\">\u201cA Petrobras agradece a participa\u00e7\u00e3o no Programa de Desenvolvimento de Fornecedores da Engenharia \u2013 PDFE, no per\u00edodo de 11 de dezembro de 2014 a 13 de novembro de 2015, na cidade do Rio de Janeiro, tendo obtido bom desempenho na melhoria de seu sistema de Gest\u00e3o de SMS \u2013 Sa\u00fade, Meio Ambiente e Seguran\u00e7a.\u201d<\/h4>\n<p style=\"text-align: right;\">Rio de Janeiro, RJ, 30 de novembro de 2015<\/p>\n<p>[\/vc_column_text][\/vc_column_inner][\/vc_row_inner][\/vc_tab][vc_tab icon=&#8221;sl-small-shield&#8221; title=&#8221;Certifica\u00e7\u00f5es&#8221; tab_id=&#8221;certificacoes&#8221;][vc_row_inner][vc_column_inner][vc_column_text]<\/p>\n<h4 style=\"text-align: center;\">Fomos\u00a0certificados pelo Sistema FIEB e pelo SESI pela participa\u00e7\u00e3o no curso\u00a0<em>Sistema de Gest\u00e3o em SMS<\/em>, com base nas normas ISO 14001 e OHSAS 18001: 2007, ministrado pelo SESI\/BA.<\/h4>\n<p>&nbsp;<\/p>\n<h4 style=\"text-align: center;\">Tamb\u00e9m fomos certificados pela DNV pela conformidade com a Norma ISO 45001:2018.<\/h4>\n<p>&nbsp;[\/vc_column_text]<a class=\"more\" href=\"https:\/\/vitserv.com.br\/site\/wp-content\/uploads\/2024\/02\/ISO-45001-C594136-0-pt-PT-20231214-20231215185048.pdf\" target=\"_blank\" title=\"CERTIFICADO\">CERTIFICADO<\/a>[\/vc_column_inner][\/vc_row_inner][\/vc_tab][vc_tab icon=&#8221;sl-small-team&#8221; title=&#8221;Carreira&#8221; tab_id=&#8221;carreira&#8221;][vc_empty_space height=&#8221;8px&#8221;][vc_row_inner][vc_column_inner][vc_column_text]<\/p>\n<h4 style=\"text-align: center;\">Valorizamos nossos colaboradores e oferecemos igualdade de oportunidades em um ambiente corporativo, o que abre caminhos para o desenvolvimento profissional e pessoal, tornando-os profissionais de alto desempenho.<\/h4>\n<p>[\/vc_column_text][vc_column_text]<\/p>\n<p style=\"text-align: center;\"><strong><a href=\"https:\/\/vitserv.com.br\/site\/wp-content\/uploads\/2024\/09\/RELATORIO-DE-TRANSPARENCIA-SALARIAL.pdf\" target=\"_blank\" rel=\"noopener\">Relat\u00f3rio de Transpar\u00eancia e Igualdade Salarial de Mulheres e Homens &#8211; 2\u00ba Semestre 2024<\/a><\/strong><\/p>\n<p>[\/vc_column_text][\/vc_column_inner][\/vc_row_inner][\/vc_tab][\/vc_tabs][\/vc_column][\/vc_row]<\/p>\n","protected":false},"excerpt":{"rendered":"<p>[vc_row type=&#8221;full-width&#8221;][vc_column][rev_slider_vc alias=&#8221;main&#8221;][\/vc_column][\/vc_row][vc_row top_margin=&#8221;page-margin-top-section&#8221;][vc_column][vc_column_text el_class=&#8221;description align-center&#8221;]A VITSERV conta com profissionais qualificados e permanentemente treinados para desempenhar suas fun\u00e7\u00f5es com compet\u00eancia e seguran\u00e7a. Al\u00e9m disso, a empresa disp\u00f5e do que h\u00e1 de mais atual e seguro em termos de equipamentos de uso pessoal ou coletivo.[\/vc_column_text][\/vc_column][\/vc_row][vc_row top_margin=&#8221;page-margin-top&#8221;][vc_column width=&#8221;1\/3&#8243;][vc_column_text] EXPERI\u00caNCIA [\/vc_column_text][\/vc_column][vc_column width=&#8221;1\/3&#8243;][vc_column_text] SEGURAN\u00c7A [\/vc_column_text][\/vc_column][vc_column width=&#8221;1\/3&#8243;][vc_column_text] TECNOLOGIA [\/vc_column_text][\/vc_column][\/vc_row][vc_row type=&#8221;full-width&#8221;<\/p>\n","protected":false},"author":1,"featured_media":1186,"parent":0,"menu_order":0,"comment_status":"open","ping_status":"open","template":"template-default-without-breadcrumbs.php","meta":{"footnotes":""},"_links":{"self":[{"href":"https:\/\/vitserv.com.br\/site\/wp-json\/wp\/v2\/pages\/4"}],"collection":[{"href":"https:\/\/vitserv.com.br\/site\/wp-json\/wp\/v2\/pages"}],"about":[{"href":"https:\/\/vitserv.com.br\/site\/wp-json\/wp\/v2\/types\/page"}],"author":[{"embeddable":true,"href":"https:\/\/vitserv.com.br\/site\/wp-json\/wp\/v2\/users\/1"}],"replies":[{"embeddable":true,"href":"https:\/\/vitserv.com.br\/site\/wp-json\/wp\/v2\/comments?post=4"}],"version-history":[{"count":96,"href":"https:\/\/vitserv.com.br\/site\/wp-json\/wp\/v2\/pages\/4\/revisions"}],"predecessor-version":[{"id":1263,"href":"https:\/\/vitserv.com.br\/site\/wp-json\/wp\/v2\/pages\/4\/revisions\/1263"}],"wp:featuredmedia":[{"embeddable":true,"href":"https:\/\/vitserv.com.br\/site\/wp-json\/wp\/v2\/media\/1186"}],"wp:attachment":[{"href":"https:\/\/vitserv.com.br\/site\/wp-json\/wp\/v2\/media?parent=4"}],"curies":[{"name":"wp","href":"https:\/\/api.w.org\/{rel}","templated":true}]}}