{"id":203,"date":"2015-05-25T12:55:10","date_gmt":"2015-05-25T12:55:10","guid":{"rendered":"http:\/\/localhost\/wordpress\/renovate\/?page_id=203"},"modified":"2023-11-13T19:09:47","modified_gmt":"2023-11-13T19:09:47","slug":"a-empresa","status":"publish","type":"page","link":"https:\/\/vitserv.com.br\/site\/a-empresa\/","title":{"rendered":"A EMPRESA"},"content":{"rendered":"<p>[vc_row el_class=&#8221;margin-top-70&#8243;][vc_column width=&#8221;1\/2&#8243;][vc_single_image image=&#8221;1123&#8243; img_size=&#8221;large-thumb&#8221; alignment=&#8221;center&#8221; style=&#8221;vc_box_circle_2&#8243;][\/vc_column][vc_column width=&#8221;1\/2&#8243;]<h2 class=\"box-header align-left\">QUEM SOMOS<\/h2>[vc_column_text]A VITSERV foi fundada em 2010 com o objetivo de oferecer, atrav\u00e9s da experi\u00eancia dos fundadores, as melhores pr\u00e1ticas do mercado no segmento de atividades subaqu\u00e1ticas, mar\u00edtimas, portu\u00e1rias e servi\u00e7os de apoio \u00e0 explora\u00e7\u00e3o de petr\u00f3leo, criando e aperfei\u00e7oando metodologias e solu\u00e7\u00f5es totalmente personalizadas \u00e0 realidade dos clientes.<\/p>\n<p>Nossa equipe \u00e9 formada por profissionais qualificados, com experi\u00eancia nos mais variados segmentos de neg\u00f3cios, o que possibilita uma vis\u00e3o multidisciplinar e muita criatividade na busca de solu\u00e7\u00f5es. Selecionados a partir de hist\u00f3ricos de situa\u00e7\u00f5es bem sucedidas em trabalhos representativos, s\u00e3o destaques nas posi\u00e7\u00f5es em suas respectivas \u00e1reas.<\/p>\n<p>Nossa expertise est\u00e1 voltada para atividades subaqu\u00e1ticas em geral, consultorias empresariais nas \u00e1reas financeira, administrativa, cont\u00e1bil e engenharia, e, loca\u00e7\u00e3o de bens m\u00f3veis.<\/p>\n<p>A VITSERV possui uma infra-estrutura bem organizada e segura para atender \u00e0s necessidades da Contratante, bem como, melhores condi\u00e7\u00f5es de trabalho para todo o pessoal.[\/vc_column_text][\/vc_column][\/vc_row][vc_row][vc_column][vc_single_image image=&#8221;1234&#8243; img_size=&#8221;full&#8221; alignment=&#8221;center&#8221; css=&#8221;.vc_custom_1699902557396{margin-top: 70px !important;}&#8221;][\/vc_column][\/vc_row]<\/p>\n","protected":false},"excerpt":{"rendered":"<p>[vc_row el_class=&#8221;margin-top-70&#8243;][vc_column width=&#8221;1\/2&#8243;][vc_single_image image=&#8221;1123&#8243; img_size=&#8221;large-thumb&#8221; alignment=&#8221;center&#8221; style=&#8221;vc_box_circle_2&#8243;][\/vc_column][vc_column width=&#8221;1\/2&#8243;][vc_column_text]A VITSERV foi fundada em 2010 com o objetivo de oferecer, atrav\u00e9s da experi\u00eancia dos fundadores, as melhores pr\u00e1ticas do mercado no segmento de atividades subaqu\u00e1ticas, mar\u00edtimas, portu\u00e1rias e servi\u00e7os de apoio \u00e0 explora\u00e7\u00e3o de petr\u00f3leo, criando e aperfei\u00e7oando metodologias e solu\u00e7\u00f5es totalmente personalizadas \u00e0 realidade dos clientes.<\/p>\n","protected":false},"author":1,"featured_media":1186,"parent":0,"menu_order":0,"comment_status":"open","ping_status":"open","template":"","meta":{"footnotes":""},"_links":{"self":[{"href":"https:\/\/vitserv.com.br\/site\/wp-json\/wp\/v2\/pages\/203"}],"collection":[{"href":"https:\/\/vitserv.com.br\/site\/wp-json\/wp\/v2\/pages"}],"about":[{"href":"https:\/\/vitserv.com.br\/site\/wp-json\/wp\/v2\/types\/page"}],"author":[{"embeddable":true,"href":"https:\/\/vitserv.com.br\/site\/wp-json\/wp\/v2\/users\/1"}],"replies":[{"embeddable":true,"href":"https:\/\/vitserv.com.br\/site\/wp-json\/wp\/v2\/comments?post=203"}],"version-history":[{"count":17,"href":"https:\/\/vitserv.com.br\/site\/wp-json\/wp\/v2\/pages\/203\/revisions"}],"predecessor-version":[{"id":1236,"href":"https:\/\/vitserv.com.br\/site\/wp-json\/wp\/v2\/pages\/203\/revisions\/1236"}],"wp:featuredmedia":[{"embeddable":true,"href":"https:\/\/vitserv.com.br\/site\/wp-json\/wp\/v2\/media\/1186"}],"wp:attachment":[{"href":"https:\/\/vitserv.com.br\/site\/wp-json\/wp\/v2\/media?parent=203"}],"curies":[{"name":"wp","href":"https:\/\/api.w.org\/{rel}","templated":true}]}}