{"id":137,"date":"2015-05-20T11:09:20","date_gmt":"2015-05-20T11:09:20","guid":{"rendered":"http:\/\/localhost\/wordpress\/renovate\/?page_id=137"},"modified":"2016-10-28T01:23:19","modified_gmt":"2016-10-28T01:23:19","slug":"areas-de-atuacao","status":"publish","type":"page","link":"https:\/\/vitserv.com.br\/site\/areas-de-atuacao\/","title":{"rendered":"\u00c1REAS DE ATUA\u00c7\u00c3O"},"content":{"rendered":"<p>[vc_row top_margin=&#8221;none&#8221; el_class=&#8221;padding-top-70&#8243;][vc_column type=&#8221;&#8221; top_margin=&#8221;none&#8221; width=&#8221;1\/1&#8243;]<ul class=\"services-list clearfix\"><div class=\"vc_row wpb_row vc_row-fluid\"><li><a href=\"https:\/\/vitserv.com.br\/site\/services\/servicos-de-inspecao-de-bunker-giaont-e-capitao-de-manobras\/\" title=\"Servi\u00e7os de Inspe\u00e7\u00e3o de Bunker, Giaont e Capit\u00e3o de Manobras\"><img loading=\"lazy\" decoding=\"async\" width=\"390\" height=\"260\" src=\"https:\/\/vitserv.com.br\/site\/wp-content\/uploads\/2016\/10\/reboque-390x260.png\" class=\"attachment-medium-thumb size-medium-thumb wp-post-image\" alt=\"Servi\u00e7os de Inspe\u00e7\u00e3o de Bunker, Giaont e Capit\u00e3o de Manobras\" title=\"\" srcset=\"https:\/\/vitserv.com.br\/site\/wp-content\/uploads\/2016\/10\/reboque-390x260.png 390w, https:\/\/vitserv.com.br\/site\/wp-content\/uploads\/2016\/10\/reboque-480x320.png 480w, https:\/\/vitserv.com.br\/site\/wp-content\/uploads\/2016\/10\/reboque-270x180.png 270w\" sizes=\"(max-width: 390px) 100vw, 390px\" \/><\/a><h4 class=\"box-header\"><a href=\"https:\/\/vitserv.com.br\/site\/services\/servicos-de-inspecao-de-bunker-giaont-e-capitao-de-manobras\/\" title=\"Servi\u00e7os de Inspe\u00e7\u00e3o de Bunker, Giaont e Capit\u00e3o de Manobras\">Servi\u00e7os de Inspe\u00e7\u00e3o de Bunker, Giaont e Capit\u00e3o de Manobras<\/a><\/h4><\/li><li><a href=\"https:\/\/vitserv.com.br\/site\/services\/mergulho-raso-ate-50-metros\/\" title=\"Mergulho Raso\"><img loading=\"lazy\" decoding=\"async\" width=\"390\" height=\"260\" src=\"https:\/\/vitserv.com.br\/site\/wp-content\/uploads\/2016\/10\/Inspe\u00e7\u00f5es-t\u00e9cnicas-subaqu\u00e1ticas-390x260.jpg\" class=\"attachment-medium-thumb size-medium-thumb wp-post-image\" alt=\"Mergulho Raso\" title=\"\" srcset=\"https:\/\/vitserv.com.br\/site\/wp-content\/uploads\/2016\/10\/Inspe\u00e7\u00f5es-t\u00e9cnicas-subaqu\u00e1ticas-390x260.jpg 390w, https:\/\/vitserv.com.br\/site\/wp-content\/uploads\/2016\/10\/Inspe\u00e7\u00f5es-t\u00e9cnicas-subaqu\u00e1ticas-570x380.jpg 570w, https:\/\/vitserv.com.br\/site\/wp-content\/uploads\/2016\/10\/Inspe\u00e7\u00f5es-t\u00e9cnicas-subaqu\u00e1ticas-480x320.jpg 480w, https:\/\/vitserv.com.br\/site\/wp-content\/uploads\/2016\/10\/Inspe\u00e7\u00f5es-t\u00e9cnicas-subaqu\u00e1ticas-270x180.jpg 270w\" sizes=\"(max-width: 390px) 100vw, 390px\" \/><\/a><h4 class=\"box-header\"><a href=\"https:\/\/vitserv.com.br\/site\/services\/mergulho-raso-ate-50-metros\/\" title=\"Mergulho Raso\">Mergulho Raso<\/a><\/h4><\/li><li><a href=\"https:\/\/vitserv.com.br\/site\/services\/protecao-catodica\/\" title=\"Prote\u00e7\u00e3o Cat\u00f3dica\"><img loading=\"lazy\" decoding=\"async\" width=\"390\" height=\"260\" src=\"https:\/\/vitserv.com.br\/site\/wp-content\/uploads\/2016\/10\/Prote\u00e7\u00e3o-Cat\u00f3dica-390x260.jpg\" class=\"attachment-medium-thumb size-medium-thumb wp-post-image\" alt=\"Prote\u00e7\u00e3o Cat\u00f3dica\" title=\"\" srcset=\"https:\/\/vitserv.com.br\/site\/wp-content\/uploads\/2016\/10\/Prote\u00e7\u00e3o-Cat\u00f3dica-390x260.jpg 390w, https:\/\/vitserv.com.br\/site\/wp-content\/uploads\/2016\/10\/Prote\u00e7\u00e3o-Cat\u00f3dica-750x500.jpg 750w, https:\/\/vitserv.com.br\/site\/wp-content\/uploads\/2016\/10\/Prote\u00e7\u00e3o-Cat\u00f3dica-570x380.jpg 570w, https:\/\/vitserv.com.br\/site\/wp-content\/uploads\/2016\/10\/Prote\u00e7\u00e3o-Cat\u00f3dica-480x320.jpg 480w, https:\/\/vitserv.com.br\/site\/wp-content\/uploads\/2016\/10\/Prote\u00e7\u00e3o-Cat\u00f3dica-270x180.jpg 270w\" sizes=\"(max-width: 390px) 100vw, 390px\" \/><\/a><h4 class=\"box-header\"><a href=\"https:\/\/vitserv.com.br\/site\/services\/protecao-catodica\/\" title=\"Prote\u00e7\u00e3o Cat\u00f3dica\">Prote\u00e7\u00e3o Cat\u00f3dica<\/a><\/h4><\/li><\/div><div class=\"vc_row wpb_row vc_row-fluid\"><li><a href=\"https:\/\/vitserv.com.br\/site\/services\/servicos-em-usinas-hidreletricas-e-barragens\/\" title=\"Servi\u00e7os em Usinas Hidrel\u00e9tricas e Barragens\"><img loading=\"lazy\" decoding=\"async\" width=\"390\" height=\"260\" src=\"https:\/\/vitserv.com.br\/site\/wp-content\/uploads\/2016\/10\/usina-390x260.png\" class=\"attachment-medium-thumb size-medium-thumb wp-post-image\" alt=\"Servi\u00e7os em Usinas Hidrel\u00e9tricas e Barragens\" title=\"\" srcset=\"https:\/\/vitserv.com.br\/site\/wp-content\/uploads\/2016\/10\/usina-390x260.png 390w, https:\/\/vitserv.com.br\/site\/wp-content\/uploads\/2016\/10\/usina-480x320.png 480w, https:\/\/vitserv.com.br\/site\/wp-content\/uploads\/2016\/10\/usina-270x180.png 270w\" sizes=\"(max-width: 390px) 100vw, 390px\" \/><\/a><h4 class=\"box-header\"><a href=\"https:\/\/vitserv.com.br\/site\/services\/servicos-em-usinas-hidreletricas-e-barragens\/\" title=\"Servi\u00e7os em Usinas Hidrel\u00e9tricas e Barragens\">Servi\u00e7os em Usinas Hidrel\u00e9tricas e Barragens<\/a><\/h4><\/li><li><a href=\"https:\/\/vitserv.com.br\/site\/services\/servicos-de-manutencao-em-navios\/\" title=\"Servi\u00e7os de Manuten\u00e7\u00e3o em Navios\"><img loading=\"lazy\" decoding=\"async\" width=\"390\" height=\"260\" src=\"https:\/\/vitserv.com.br\/site\/wp-content\/uploads\/2016\/10\/navio-390x260.png\" class=\"attachment-medium-thumb size-medium-thumb wp-post-image\" alt=\"Servi\u00e7os de Manuten\u00e7\u00e3o em Navios\" title=\"\" srcset=\"https:\/\/vitserv.com.br\/site\/wp-content\/uploads\/2016\/10\/navio-390x260.png 390w, https:\/\/vitserv.com.br\/site\/wp-content\/uploads\/2016\/10\/navio-480x320.png 480w, https:\/\/vitserv.com.br\/site\/wp-content\/uploads\/2016\/10\/navio-270x180.png 270w\" sizes=\"(max-width: 390px) 100vw, 390px\" \/><\/a><h4 class=\"box-header\"><a href=\"https:\/\/vitserv.com.br\/site\/services\/servicos-de-manutencao-em-navios\/\" title=\"Servi\u00e7os de Manuten\u00e7\u00e3o em Navios\">Servi\u00e7os de Manuten\u00e7\u00e3o em Navios<\/a><\/h4><\/li><li><a href=\"https:\/\/vitserv.com.br\/site\/services\/consultoria-e-administracao-em-gestao-de-contratos\/\" title=\"Consultoria e Administra\u00e7\u00e3o em Gest\u00e3o de Contratos\"><img loading=\"lazy\" decoding=\"async\" width=\"390\" height=\"260\" src=\"https:\/\/vitserv.com.br\/site\/wp-content\/uploads\/2016\/10\/empresa-390x260.png\" class=\"attachment-medium-thumb size-medium-thumb wp-post-image\" alt=\"Consultoria e Administra\u00e7\u00e3o em Gest\u00e3o de Contratos\" title=\"\" srcset=\"https:\/\/vitserv.com.br\/site\/wp-content\/uploads\/2016\/10\/empresa-390x260.png 390w, https:\/\/vitserv.com.br\/site\/wp-content\/uploads\/2016\/10\/empresa-570x380.png 570w, https:\/\/vitserv.com.br\/site\/wp-content\/uploads\/2016\/10\/empresa-480x320.png 480w, https:\/\/vitserv.com.br\/site\/wp-content\/uploads\/2016\/10\/empresa-270x180.png 270w\" sizes=\"(max-width: 390px) 100vw, 390px\" \/><\/a><h4 class=\"box-header\"><a href=\"https:\/\/vitserv.com.br\/site\/services\/consultoria-e-administracao-em-gestao-de-contratos\/\" title=\"Consultoria e Administra\u00e7\u00e3o em Gest\u00e3o de Contratos\">Consultoria e Administra\u00e7\u00e3o em Gest\u00e3o de Contratos<\/a><\/h4><\/li><\/div><\/ul>[\/vc_column][\/vc_row]<\/p>\n","protected":false},"excerpt":{"rendered":"<p>[vc_row top_margin=&#8221;none&#8221; el_class=&#8221;padding-top-70&#8243;][vc_column type=&#8221;&#8221; top_margin=&#8221;none&#8221; width=&#8221;1\/1&#8243;][\/vc_column][\/vc_row]<\/p>\n","protected":false},"author":1,"featured_media":0,"parent":0,"menu_order":0,"comment_status":"open","ping_status":"closed","template":"","meta":{"footnotes":""},"_links":{"self":[{"href":"https:\/\/vitserv.com.br\/site\/wp-json\/wp\/v2\/pages\/137"}],"collection":[{"href":"https:\/\/vitserv.com.br\/site\/wp-json\/wp\/v2\/pages"}],"about":[{"href":"https:\/\/vitserv.com.br\/site\/wp-json\/wp\/v2\/types\/page"}],"author":[{"embeddable":true,"href":"https:\/\/vitserv.com.br\/site\/wp-json\/wp\/v2\/users\/1"}],"replies":[{"embeddable":true,"href":"https:\/\/vitserv.com.br\/site\/wp-json\/wp\/v2\/comments?post=137"}],"version-history":[{"count":2,"href":"https:\/\/vitserv.com.br\/site\/wp-json\/wp\/v2\/pages\/137\/revisions"}],"predecessor-version":[{"id":1178,"href":"https:\/\/vitserv.com.br\/site\/wp-json\/wp\/v2\/pages\/137\/revisions\/1178"}],"wp:attachment":[{"href":"https:\/\/vitserv.com.br\/site\/wp-json\/wp\/v2\/media?parent=137"}],"curies":[{"name":"wp","href":"https:\/\/api.w.org\/{rel}","templated":true}]}}