{"id":1029,"date":"2016-08-31T22:47:12","date_gmt":"2016-08-31T22:47:12","guid":{"rendered":"http:\/\/www.vitserv.com.br\/site\/?page_id=1029"},"modified":"2016-10-28T02:37:17","modified_gmt":"2016-10-28T02:37:17","slug":"locacao","status":"publish","type":"page","link":"https:\/\/vitserv.com.br\/site\/locacao\/","title":{"rendered":"LOCA\u00c7\u00c3O"},"content":{"rendered":"<p>[vc_row][vc_column][vc_column_text]<\/p>\n<p style=\"text-align: center;\"><strong>Loca\u00e7\u00e3o de Embarca\u00e7\u00e3o, equipamentos da \u00e1rea subaqu\u00e1tica e C\u00e2mara Hiperb\u00e1rica.<\/strong><\/p>\n<p>[\/vc_column_text][vc_empty_space][\/vc_column][\/vc_row][vc_row][vc_column width=&#8221;1\/2&#8243;][vc_single_image image=&#8221;1185&#8243; img_size=&#8221;full&#8221; alignment=&#8221;center&#8221;][vc_empty_space height=&#8221;10px&#8221;][vc_single_image image=&#8221;1187&#8243; img_size=&#8221;full&#8221; alignment=&#8221;center&#8221;][vc_empty_space height=&#8221;10px&#8221;][vc_single_image image=&#8221;1189&#8243; img_size=&#8221;full&#8221; alignment=&#8221;center&#8221;][\/vc_column][vc_column width=&#8221;1\/2&#8243;][vc_single_image image=&#8221;1186&#8243; img_size=&#8221;full&#8221; alignment=&#8221;center&#8221;][vc_empty_space height=&#8221;10px&#8221;][vc_single_image image=&#8221;1188&#8243; img_size=&#8221;full&#8221; alignment=&#8221;center&#8221;][vc_empty_space height=&#8221;10px&#8221;][vc_single_image image=&#8221;1190&#8243; img_size=&#8221;full&#8221; alignment=&#8221;center&#8221;][\/vc_column][\/vc_row]<\/p>\n","protected":false},"excerpt":{"rendered":"<p>[vc_row][vc_column][vc_column_text] Loca\u00e7\u00e3o de Embarca\u00e7\u00e3o, equipamentos da \u00e1rea subaqu\u00e1tica e C\u00e2mara Hiperb\u00e1rica. [\/vc_column_text][vc_empty_space][\/vc_column][\/vc_row][vc_row][vc_column width=&#8221;1\/2&#8243;][vc_single_image image=&#8221;1185&#8243; img_size=&#8221;full&#8221; alignment=&#8221;center&#8221;][vc_empty_space height=&#8221;10px&#8221;][vc_single_image image=&#8221;1187&#8243; img_size=&#8221;full&#8221; alignment=&#8221;center&#8221;][vc_empty_space height=&#8221;10px&#8221;][vc_single_image image=&#8221;1189&#8243; img_size=&#8221;full&#8221; alignment=&#8221;center&#8221;][\/vc_column][vc_column width=&#8221;1\/2&#8243;][vc_single_image image=&#8221;1186&#8243; img_size=&#8221;full&#8221; alignment=&#8221;center&#8221;][vc_empty_space height=&#8221;10px&#8221;][vc_single_image image=&#8221;1188&#8243; img_size=&#8221;full&#8221; alignment=&#8221;center&#8221;][vc_empty_space height=&#8221;10px&#8221;][vc_single_image image=&#8221;1190&#8243; img_size=&#8221;full&#8221; alignment=&#8221;center&#8221;][\/vc_column][\/vc_row]<\/p>\n","protected":false},"author":1,"featured_media":0,"parent":0,"menu_order":0,"comment_status":"closed","ping_status":"closed","template":"","meta":{"footnotes":""},"_links":{"self":[{"href":"https:\/\/vitserv.com.br\/site\/wp-json\/wp\/v2\/pages\/1029"}],"collection":[{"href":"https:\/\/vitserv.com.br\/site\/wp-json\/wp\/v2\/pages"}],"about":[{"href":"https:\/\/vitserv.com.br\/site\/wp-json\/wp\/v2\/types\/page"}],"author":[{"embeddable":true,"href":"https:\/\/vitserv.com.br\/site\/wp-json\/wp\/v2\/users\/1"}],"replies":[{"embeddable":true,"href":"https:\/\/vitserv.com.br\/site\/wp-json\/wp\/v2\/comments?post=1029"}],"version-history":[{"count":8,"href":"https:\/\/vitserv.com.br\/site\/wp-json\/wp\/v2\/pages\/1029\/revisions"}],"predecessor-version":[{"id":1195,"href":"https:\/\/vitserv.com.br\/site\/wp-json\/wp\/v2\/pages\/1029\/revisions\/1195"}],"wp:attachment":[{"href":"https:\/\/vitserv.com.br\/site\/wp-json\/wp\/v2\/media?parent=1029"}],"curies":[{"name":"wp","href":"https:\/\/api.w.org\/{rel}","templated":true}]}}